{"id":126,"date":"2022-11-11T15:40:13","date_gmt":"2022-11-11T13:40:13","guid":{"rendered":"http:\/\/husjf.fi\/?page_id=126"},"modified":"2022-11-11T16:10:09","modified_gmt":"2022-11-11T14:10:09","slug":"medlemmar-jasenet","status":"publish","type":"page","link":"https:\/\/husjf.fi\/?page_id=126","title":{"rendered":"Medlemmar \/ J\u00e4senet"},"content":{"rendered":"\n<p>Seuralla on olemassa Whatsapp-ryhm\u00e4 ja Facebook-ryhm\u00e4. Jos haluat mukaan ryhmiin (ja olet seuran j\u00e4sen) niin ole yhteydess\u00e4 puheenjohtajaan ja sinut lis\u00e4t\u00e4\u00e4n n\u00e4ihin mukaan. Yrit\u00e4mme jakaa ajankohtaista tietoa n\u00e4iden kanavien kautta. <\/p>\n\n\n\n<p>Det finns tillg\u00e4ngligt b\u00e5de en Whatsapp-grupp och en Facebook-grupp. Om du \u00e4r villig att vara med i dessa grupper (och \u00e4r medlem i f\u00f6reningen) s\u00e5 var i kontakt med ordf\u00f6rande s\u00e5 blir du tillagd med. Vi f\u00f6rs\u00f6ker att dela aktuell info via dessa kanaler.  <\/p>\n","protected":false},"excerpt":{"rendered":"<p>Seuralla on olemassa Whatsapp-ryhm\u00e4 ja Facebook-ryhm\u00e4. Jos haluat mukaan ryhmiin (ja olet seuran j\u00e4sen) niin ole yhteydess\u00e4 puheenjohtajaan ja sinut lis\u00e4t\u00e4\u00e4n n\u00e4ihin mukaan. Yrit\u00e4mme jakaa ajankohtaista tietoa n\u00e4iden kanavien kautta. Det finns tillg\u00e4ngligt b\u00e5de en Whatsapp-grupp och en Facebook-grupp. Om du \u00e4r villig att vara med i dessa grupper (och<a href=\"https:\/\/husjf.fi\/?page_id=126\" class=\"read-more\">Read the Rest&#8230;<\/a><\/p>\n","protected":false},"author":2,"featured_media":0,"parent":0,"menu_order":0,"comment_status":"closed","ping_status":"closed","template":"","meta":{"footnotes":""},"class_list":["post-126","page","type-page","status-publish","hentry"],"_links":{"self":[{"href":"https:\/\/husjf.fi\/index.php?rest_route=\/wp\/v2\/pages\/126","targetHints":{"allow":["GET"]}}],"collection":[{"href":"https:\/\/husjf.fi\/index.php?rest_route=\/wp\/v2\/pages"}],"about":[{"href":"https:\/\/husjf.fi\/index.php?rest_route=\/wp\/v2\/types\/page"}],"author":[{"embeddable":true,"href":"https:\/\/husjf.fi\/index.php?rest_route=\/wp\/v2\/users\/2"}],"replies":[{"embeddable":true,"href":"https:\/\/husjf.fi\/index.php?rest_route=%2Fwp%2Fv2%2Fcomments&post=126"}],"version-history":[{"count":1,"href":"https:\/\/husjf.fi\/index.php?rest_route=\/wp\/v2\/pages\/126\/revisions"}],"predecessor-version":[{"id":127,"href":"https:\/\/husjf.fi\/index.php?rest_route=\/wp\/v2\/pages\/126\/revisions\/127"}],"wp:attachment":[{"href":"https:\/\/husjf.fi\/index.php?rest_route=%2Fwp%2Fv2%2Fmedia&parent=126"}],"curies":[{"name":"wp","href":"https:\/\/api.w.org\/{rel}","templated":true}]}}