{"id":17,"date":"2013-03-12T09:54:29","date_gmt":"2013-03-12T07:54:29","guid":{"rendered":"http:\/\/husjf.fi\/?page_id=17"},"modified":"2022-11-11T13:53:48","modified_gmt":"2022-11-11T11:53:48","slug":"morgonland","status":"publish","type":"page","link":"http:\/\/husjf.fi\/?page_id=17","title":{"rendered":"Morgonland"},"content":{"rendered":"<p>HUOM!<\/p>\n<p>M\u00f6kin omistaa mets\u00e4styseura Hang\u00f6udds Sk\u00e4rg\u00e5rdsjaktf\u00f6rening r.f.<br \/>\nMaksu m\u00f6kiss\u00e4 y\u00f6pymisest\u00e4 15\u20ac\/hl\u00f6\/y\u00f6<br \/>\nMaksetaan tilille FI67 4055 8440 0627 59<\/p>\n<p>Maksu koskee kaikkia paitsi:<\/p>\n<p>&#8211; HUSJF:n j\u00e4seni\u00e4<br \/>\n&#8211; Henkil\u00f6it\u00e4 vierasmets\u00e4styskortilla<br \/>\n&#8211; Viranomaisia virkateht\u00e4viss\u00e4<\/p>\n<p>K\u00e4vij\u00f6it\u00e4 ja y\u00f6pyji\u00e4 pyydet\u00e4\u00e4n kirjoittamaan nimens\u00e4 vieraskirjaan.<\/p>\n<p><a href=\"http:\/\/husjf.fi\/wp-content\/uploads\/2015\/11\/tilisiirtolomake.pdf\">Tulostettava tilisiirtolomake<\/a><\/p>\n<p>OBS!<\/p>\n<p>Stugan \u00e4gs av Hang\u00f6udds Sk\u00e4rg\u00e5rdsjaktf\u00f6rening r.f.<br \/>\n\u00d6vernattning i stugan \u00e4r 15\u20ac\/pers\/natt<br \/>\nBetalas till konto FI67 4055 8440 0627 59<\/p>\n<p>Avgiften g\u00e4ller \u00e5t alla utom:<\/p>\n<p>&#8211; HUSJF medlemmar<br \/>\n&#8211; Personer med g\u00e4stjaktkort<br \/>\n&#8211; Myndigheter i officiella uppdrag<\/p>\n<p>Bes\u00f6kare och \u00f6vernattare uppmanas att skriva i g\u00e4stboken.<\/p>\n<p><a href=\"http:\/\/husjf.fi\/wp-content\/uploads\/2015\/11\/tilisiirtolomake.pdf\">Utskrivbara konto\u00f6verf\u00f6ring formul\u00e4r<\/a><\/p>\n","protected":false},"excerpt":{"rendered":"<p>HUOM! M\u00f6kin omistaa mets\u00e4styseura Hang\u00f6udds Sk\u00e4rg\u00e5rdsjaktf\u00f6rening r.f. Maksu m\u00f6kiss\u00e4 y\u00f6pymisest\u00e4 15\u20ac\/hl\u00f6\/y\u00f6 Maksetaan tilille FI67 4055 8440 0627 59 Maksu koskee kaikkia paitsi: &#8211; HUSJF:n j\u00e4seni\u00e4 &#8211; Henkil\u00f6it\u00e4 vierasmets\u00e4styskortilla &#8211; Viranomaisia virkateht\u00e4viss\u00e4 K\u00e4vij\u00f6it\u00e4 ja y\u00f6pyji\u00e4 pyydet\u00e4\u00e4n kirjoittamaan nimens\u00e4 vieraskirjaan. Tulostettava tilisiirtolomake OBS! Stugan \u00e4gs av Hang\u00f6udds Sk\u00e4rg\u00e5rdsjaktf\u00f6rening r.f. \u00d6vernattning i stugan<a href=\"http:\/\/husjf.fi\/?page_id=17\" class=\"read-more\">Read the Rest&#8230;<\/a><\/p>\n","protected":false},"author":1,"featured_media":9,"parent":0,"menu_order":0,"comment_status":"closed","ping_status":"closed","template":"fullwidth.php","meta":{"footnotes":""},"class_list":["post-17","page","type-page","status-publish","has-post-thumbnail","hentry"],"_links":{"self":[{"href":"http:\/\/husjf.fi\/index.php?rest_route=\/wp\/v2\/pages\/17","targetHints":{"allow":["GET"]}}],"collection":[{"href":"http:\/\/husjf.fi\/index.php?rest_route=\/wp\/v2\/pages"}],"about":[{"href":"http:\/\/husjf.fi\/index.php?rest_route=\/wp\/v2\/types\/page"}],"author":[{"embeddable":true,"href":"http:\/\/husjf.fi\/index.php?rest_route=\/wp\/v2\/users\/1"}],"replies":[{"embeddable":true,"href":"http:\/\/husjf.fi\/index.php?rest_route=%2Fwp%2Fv2%2Fcomments&post=17"}],"version-history":[{"count":12,"href":"http:\/\/husjf.fi\/index.php?rest_route=\/wp\/v2\/pages\/17\/revisions"}],"predecessor-version":[{"id":72,"href":"http:\/\/husjf.fi\/index.php?rest_route=\/wp\/v2\/pages\/17\/revisions\/72"}],"wp:featuredmedia":[{"embeddable":true,"href":"http:\/\/husjf.fi\/index.php?rest_route=\/wp\/v2\/media\/9"}],"wp:attachment":[{"href":"http:\/\/husjf.fi\/index.php?rest_route=%2Fwp%2Fv2%2Fmedia&parent=17"}],"curies":[{"name":"wp","href":"https:\/\/api.w.org\/{rel}","templated":true}]}}