{"id":113,"date":"2022-11-11T13:43:55","date_gmt":"2022-11-11T11:43:55","guid":{"rendered":"http:\/\/husjf.fi\/?page_id=113"},"modified":"2026-03-20T14:32:10","modified_gmt":"2026-03-20T12:32:10","slug":"yhteystiedot","status":"publish","type":"page","link":"http:\/\/husjf.fi\/?page_id=113","title":{"rendered":"Yhteystiedot"},"content":{"rendered":"\n<p>Hang\u00f6udds sk\u00e4rg\u00e5rdsjaktf\u00f6rening rf<\/p>\n\n\n\n<p>Puheenjohtaja \/ Ordf\u00f6rande<br>Henri Koskivirta<br>040 7618537<br>jakttjanst@hotmail.com<\/p>\n\n\n\n<p>Taloudenhoitaja \/ Kass\u00f6r<br>Patrik Siggberg<br>040 0961786<br>patrik.siggberg@gmail.com<\/p>\n\n\n\n<p>Sihteeri \/ Sekreterare<br>Johan Sarpoma<br>045 234 7031<br>johan@sarpoma.fi<br><\/p>\n\n\n\n<p>Morgonland &#8221;talonmiehet&#8221; \/ &#8221;g\u00e5rdskarlar&#8221;<\/p>\n\n\n\n<p><br>Henri Koskivirta<br>040 7618537<\/p>\n\n\n\n<p><\/p>\n\n\n\n<p><\/p>\n\n\n\n<p><\/p>\n","protected":false},"excerpt":{"rendered":"<p>Hang\u00f6udds sk\u00e4rg\u00e5rdsjaktf\u00f6rening rf Puheenjohtaja \/ Ordf\u00f6randeHenri Koskivirta040 7618537jakttjanst@hotmail.com Taloudenhoitaja \/ Kass\u00f6rPatrik Siggberg040 0961786patrik.siggberg@gmail.com Sihteeri \/ SekreterareJohan Sarpoma045 234 7031johan@sarpoma.fi Morgonland &#8221;talonmiehet&#8221; \/ &#8221;g\u00e5rdskarlar&#8221; Henri Koskivirta040 7618537<\/p>\n","protected":false},"author":2,"featured_media":0,"parent":0,"menu_order":0,"comment_status":"closed","ping_status":"closed","template":"fullwidth.php","meta":{"footnotes":""},"class_list":["post-113","page","type-page","status-publish","hentry"],"_links":{"self":[{"href":"http:\/\/husjf.fi\/index.php?rest_route=\/wp\/v2\/pages\/113","targetHints":{"allow":["GET"]}}],"collection":[{"href":"http:\/\/husjf.fi\/index.php?rest_route=\/wp\/v2\/pages"}],"about":[{"href":"http:\/\/husjf.fi\/index.php?rest_route=\/wp\/v2\/types\/page"}],"author":[{"embeddable":true,"href":"http:\/\/husjf.fi\/index.php?rest_route=\/wp\/v2\/users\/2"}],"replies":[{"embeddable":true,"href":"http:\/\/husjf.fi\/index.php?rest_route=%2Fwp%2Fv2%2Fcomments&post=113"}],"version-history":[{"count":5,"href":"http:\/\/husjf.fi\/index.php?rest_route=\/wp\/v2\/pages\/113\/revisions"}],"predecessor-version":[{"id":145,"href":"http:\/\/husjf.fi\/index.php?rest_route=\/wp\/v2\/pages\/113\/revisions\/145"}],"wp:attachment":[{"href":"http:\/\/husjf.fi\/index.php?rest_route=%2Fwp%2Fv2%2Fmedia&parent=113"}],"curies":[{"name":"wp","href":"https:\/\/api.w.org\/{rel}","templated":true}]}}